{"id":3535,"date":"2019-01-21T19:16:32","date_gmt":"2019-01-21T19:16:32","guid":{"rendered":"https:\/\/www.lifeingalicia.com\/explora-y-alrededores"},"modified":"2019-08-04T09:44:47","modified_gmt":"2019-08-04T09:44:47","slug":"explora-y-alrededores","status":"publish","type":"page","link":"https:\/\/www.lifeingalicia.com\/es\/explora-y-alrededores","title":{"rendered":"Explorar y alrededores"},"content":{"rendered":"\t\t<div data-elementor-type=\"wp-post\" data-elementor-id=\"3535\" class=\"elementor elementor-3535\">\n\t\t\t\t\t\t<section class=\"elementor-section elementor-top-section elementor-element elementor-element-1616691 elementor-section-boxed elementor-section-height-default elementor-section-height-default\" data-id=\"1616691\" data-element_type=\"section\">\n\t\t\t\t\t\t<div class=\"elementor-container elementor-column-gap-default\">\n\t\t\t\t\t<div class=\"elementor-column elementor-col-50 elementor-top-column elementor-element elementor-element-3dc333b\" data-id=\"3dc333b\" data-element_type=\"column\">\n\t\t\t<div class=\"elementor-widget-wrap elementor-element-populated\">\n\t\t\t\t\t\t<div class=\"elementor-element elementor-element-0c05e97 elementor-widget elementor-widget-image\" data-id=\"0c05e97\" data-element_type=\"widget\" data-widget_type=\"image.default\">\n\t\t\t\t<div class=\"elementor-widget-container\">\n\t\t\t\t\t\t\t\t\t\t\t\t\t\t\t<img fetchpriority=\"high\" decoding=\"async\" width=\"406\" height=\"386\" src=\"https:\/\/www.lifeingalicia.com\/lig\/wp-content\/uploads\/Map_by_mbgj_bj.gif\" class=\"attachment-large size-large wp-image-3237\" alt=\"Nearby Casa de las Flores \/ Casa do Polo\" \/>\t\t\t\t\t\t\t\t\t\t\t\t\t\t\t<\/div>\n\t\t\t\t<\/div>\n\t\t\t\t\t<\/div>\n\t\t<\/div>\n\t\t\t\t<div class=\"elementor-column elementor-col-50 elementor-top-column elementor-element elementor-element-a118729\" data-id=\"a118729\" data-element_type=\"column\">\n\t\t\t<div class=\"elementor-widget-wrap elementor-element-populated\">\n\t\t\t\t\t\t<div class=\"elementor-element elementor-element-dddffbf elementor-widget elementor-widget-text-editor\" data-id=\"dddffbf\" data-element_type=\"widget\" data-widget_type=\"text-editor.default\">\n\t\t\t\t<div class=\"elementor-widget-container\">\n\t\t\t\t\t\t\t\t\t<p>Usted ve aqu\u00ed en Sober @ Casa de las Flores o Casa do Polo estamos en el real coraz\u00f3n de la Ribeira Sacra y la Galicia rural.<\/p>\n<p>Pero nunca temer &#8211; las costas &#8211; no est\u00e1n lejos tampoco (90 min).<\/p>\n<p>Exploramos:<\/p>\n<p>Sober<\/p>\n<p>Tiene 2 supermercados, 4 bares y un restaurante y 80! Adegas (nombre Gallego de un bodega)<\/p>\n<p>Monforte<\/p>\n<p>A s\u00f3lo 10 minutos de distancia tiene m\u00e1s supermercados, bares y restaurantes. Bien vale la pena una visita &#8211; El hotel Parador el viejo castillo en la colina. Un gran lugar para tomar un caf\u00e9 y admirar la vista del \u00abvale de Lemos\u00bb. Justo debajo encuentras la vieja Juder\u00eda.<\/p>\n\t\t\t\t\t\t\t\t<\/div>\n\t\t\t\t<\/div>\n\t\t\t\t\t<\/div>\n\t\t<\/div>\n\t\t\t\t\t<\/div>\n\t\t<\/section>\n\t\t\t\t<section class=\"elementor-section elementor-top-section elementor-element elementor-element-126ec37 elementor-section-boxed elementor-section-height-default elementor-section-height-default\" data-id=\"126ec37\" data-element_type=\"section\">\n\t\t\t\t\t\t<div class=\"elementor-container elementor-column-gap-default\">\n\t\t\t\t\t<div class=\"elementor-column elementor-col-50 elementor-top-column elementor-element elementor-element-bdc7acf\" data-id=\"bdc7acf\" data-element_type=\"column\">\n\t\t\t<div class=\"elementor-widget-wrap elementor-element-populated\">\n\t\t\t\t\t\t<div class=\"elementor-element elementor-element-eaaa540 elementor-widget elementor-widget-text-editor\" data-id=\"eaaa540\" data-element_type=\"widget\" data-widget_type=\"text-editor.default\">\n\t\t\t\t<div class=\"elementor-widget-container\">\n\t\t\t\t\t\t\t\t\t<p>No regalar mucho de nuestros tours personalizados. A continuaci\u00f3n se encuentra Castro Caldelas. Usted est\u00e1 entrando en el coraz\u00f3n de Amandi una D.O. dentro de la RIbeira sacra y la experiencia de los vi\u00f1edos m\u00e1s empinada Europes. Un tour en el catamar\u00e1n en el r\u00edo Sil se puede reservar con anticipaci\u00f3n debido a la demanda en verano.<\/p>\n<p>Al llegar a Castro Caldelas en la cima de una meseta de monta\u00f1a (1000 metros) un castillo real y un peque\u00f1o tipico casco antiguo y un cementerio con vistas a morirse se puede tomar en durante un paseo.<\/p>\n<p>Desde aqu\u00ed, una vez que tuvo un caf\u00e9 y prob\u00f3 la loacal \u00abBica\u00bb, \u00bfpor qu\u00e9 no explorar la \u00abpasarela de Rio Mau\u00bb cerca de Cristosende.<\/p>\n\t\t\t\t\t\t\t\t<\/div>\n\t\t\t\t<\/div>\n\t\t\t\t\t<\/div>\n\t\t<\/div>\n\t\t\t\t<div class=\"elementor-column elementor-col-50 elementor-top-column elementor-element elementor-element-12460de\" data-id=\"12460de\" data-element_type=\"column\">\n\t\t\t<div class=\"elementor-widget-wrap elementor-element-populated\">\n\t\t\t\t\t\t<div class=\"elementor-element elementor-element-6c47625 elementor-widget elementor-widget-video\" data-id=\"6c47625\" data-element_type=\"widget\" data-settings=\"{&quot;youtube_url&quot;:&quot;https:\\\/\\\/www.youtube.com\\\/watch?v=32PNM0HIdNk&quot;,&quot;video_type&quot;:&quot;youtube&quot;,&quot;controls&quot;:&quot;yes&quot;}\" data-widget_type=\"video.default\">\n\t\t\t\t<div class=\"elementor-widget-container\">\n\t\t\t\t\t\t\t<div class=\"elementor-wrapper elementor-open-inline\">\n\t\t\t<div class=\"elementor-video\"><\/div>\t\t<\/div>\n\t\t\t\t\t\t<\/div>\n\t\t\t\t<\/div>\n\t\t\t\t\t<\/div>\n\t\t<\/div>\n\t\t\t\t\t<\/div>\n\t\t<\/section>\n\t\t\t\t<section class=\"elementor-section elementor-top-section elementor-element elementor-element-f830ca0 elementor-section-boxed elementor-section-height-default elementor-section-height-default\" data-id=\"f830ca0\" data-element_type=\"section\">\n\t\t\t\t\t\t<div class=\"elementor-container elementor-column-gap-default\">\n\t\t\t\t\t<div class=\"elementor-column elementor-col-33 elementor-top-column elementor-element elementor-element-6fbd512\" data-id=\"6fbd512\" data-element_type=\"column\">\n\t\t\t<div class=\"elementor-widget-wrap elementor-element-populated\">\n\t\t\t\t\t\t<div class=\"elementor-element elementor-element-8add09b elementor-widget elementor-widget-image\" data-id=\"8add09b\" data-element_type=\"widget\" data-widget_type=\"image.default\">\n\t\t\t\t<div class=\"elementor-widget-container\">\n\t\t\t\t\t\t\t\t\t\t\t\t\t\t\t<img decoding=\"async\" width=\"225\" height=\"150\" src=\"https:\/\/www.lifeingalicia.com\/lig\/wp-content\/uploads\/wikiloc-ex-9.jpg\" class=\"attachment-large size-large wp-image-2527\" alt=\"\" srcset=\"https:\/\/www.lifeingalicia.com\/lig\/wp-content\/uploads\/wikiloc-ex-9.jpg 225w, https:\/\/www.lifeingalicia.com\/lig\/wp-content\/uploads\/wikiloc-ex-9-150x100.jpg 150w\" sizes=\"(max-width: 225px) 100vw, 225px\" \/>\t\t\t\t\t\t\t\t\t\t\t\t\t\t\t<\/div>\n\t\t\t\t<\/div>\n\t\t\t\t\t<\/div>\n\t\t<\/div>\n\t\t\t\t<div class=\"elementor-column elementor-col-33 elementor-top-column elementor-element elementor-element-95cf368\" data-id=\"95cf368\" data-element_type=\"column\">\n\t\t\t<div class=\"elementor-widget-wrap elementor-element-populated\">\n\t\t\t\t\t\t<div class=\"elementor-element elementor-element-0afe6cd elementor-widget elementor-widget-text-editor\" data-id=\"0afe6cd\" data-element_type=\"widget\" data-widget_type=\"text-editor.default\">\n\t\t\t\t<div class=\"elementor-widget-container\">\n\t\t\t\t\t\t\t\t\t<p>Alternativamente, puede explorar las \u00abmonta\u00f1as de Invernadeiro\u00bb en direcci\u00f3n a la \u00abcabeza de Manzaneda\u00bb.<\/p>\n<p>En el camino se recomienda visitar Celeiros y el bar Cardiego en el embalse de Chandrexa. La playa de arena puede invitarte a nadar en las aguas cristalinas.<\/p>\n\t\t\t\t\t\t\t\t<\/div>\n\t\t\t\t<\/div>\n\t\t\t\t\t<\/div>\n\t\t<\/div>\n\t\t\t\t<div class=\"elementor-column elementor-col-33 elementor-top-column elementor-element elementor-element-6c688f2\" data-id=\"6c688f2\" data-element_type=\"column\">\n\t\t\t<div class=\"elementor-widget-wrap elementor-element-populated\">\n\t\t\t\t\t\t<div class=\"elementor-element elementor-element-e3e9e4c elementor-widget elementor-widget-image\" data-id=\"e3e9e4c\" data-element_type=\"widget\" data-widget_type=\"image.default\">\n\t\t\t\t<div class=\"elementor-widget-container\">\n\t\t\t\t\t\t\t\t\t\t\t\t\t\t\t<img decoding=\"async\" width=\"225\" height=\"150\" src=\"https:\/\/www.lifeingalicia.com\/lig\/wp-content\/uploads\/wikiloc-ex-8.jpg\" class=\"attachment-large size-large wp-image-2525\" alt=\"\" srcset=\"https:\/\/www.lifeingalicia.com\/lig\/wp-content\/uploads\/wikiloc-ex-8.jpg 225w, https:\/\/www.lifeingalicia.com\/lig\/wp-content\/uploads\/wikiloc-ex-8-150x100.jpg 150w\" sizes=\"(max-width: 225px) 100vw, 225px\" \/>\t\t\t\t\t\t\t\t\t\t\t\t\t\t\t<\/div>\n\t\t\t\t<\/div>\n\t\t\t\t\t<\/div>\n\t\t<\/div>\n\t\t\t\t\t<\/div>\n\t\t<\/section>\n\t\t\t\t<section class=\"elementor-section elementor-top-section elementor-element elementor-element-c3fbe77 elementor-section-boxed elementor-section-height-default elementor-section-height-default\" data-id=\"c3fbe77\" data-element_type=\"section\">\n\t\t\t\t\t\t<div class=\"elementor-container elementor-column-gap-default\">\n\t\t\t\t\t<div class=\"elementor-column elementor-col-50 elementor-top-column elementor-element elementor-element-884f9e1\" data-id=\"884f9e1\" data-element_type=\"column\">\n\t\t\t<div class=\"elementor-widget-wrap elementor-element-populated\">\n\t\t\t\t\t\t<div class=\"elementor-element elementor-element-8a7b935 elementor-widget elementor-widget-text-editor\" data-id=\"8a7b935\" data-element_type=\"widget\" data-widget_type=\"text-editor.default\">\n\t\t\t\t<div class=\"elementor-widget-container\">\n\t\t\t\t\t\t\t\t\t<p>Orense-ciudad de la moda de Galicia con un bonito casco antiguo y grandes \u00abtermales\u00bb-de estilo p\u00fablico y japon\u00e9s-a lo largo de las orillas del r\u00edo Mi\u00f1o.<\/p>\n<p>En su camino de o a Orense se llega m\u00e1s all\u00e1 de os Peares. Un peque\u00f1o paseo extra y se puede sentar en la plataforma ferroviaria y tienen una bebida por la tarde &#8211; despu\u00e9s de que hizo el peque\u00f1o paseo bajo el puente ferroviario en direcci\u00f3n ascendente para reconocer el peque\u00f1o parque y \u00e1rea de picnic &#8211; donde en verano se puede nadar &#8211; pero ten cuidado es muy fr\u00edo .<\/p>\n\t\t\t\t\t\t\t\t<\/div>\n\t\t\t\t<\/div>\n\t\t\t\t\t<\/div>\n\t\t<\/div>\n\t\t\t\t<div class=\"elementor-column elementor-col-50 elementor-top-column elementor-element elementor-element-f47b927\" data-id=\"f47b927\" data-element_type=\"column\">\n\t\t\t<div class=\"elementor-widget-wrap elementor-element-populated\">\n\t\t\t\t\t\t<div class=\"elementor-element elementor-element-1c70fbc elementor-widget elementor-widget-image\" data-id=\"1c70fbc\" data-element_type=\"widget\" data-widget_type=\"image.default\">\n\t\t\t\t<div class=\"elementor-widget-container\">\n\t\t\t\t\t\t\t\t\t\t\t\t\t\t\t<img loading=\"lazy\" decoding=\"async\" width=\"160\" height=\"89\" src=\"https:\/\/www.lifeingalicia.com\/lig\/wp-content\/uploads\/wikiloc-ex-2.jpg\" class=\"attachment-large size-large wp-image-2513\" alt=\"\" srcset=\"https:\/\/www.lifeingalicia.com\/lig\/wp-content\/uploads\/wikiloc-ex-2.jpg 160w, https:\/\/www.lifeingalicia.com\/lig\/wp-content\/uploads\/wikiloc-ex-2-150x83.jpg 150w\" sizes=\"(max-width: 160px) 100vw, 160px\" \/>\t\t\t\t\t\t\t\t\t\t\t\t\t\t\t<\/div>\n\t\t\t\t<\/div>\n\t\t\t\t\t<\/div>\n\t\t<\/div>\n\t\t\t\t\t<\/div>\n\t\t<\/section>\n\t\t\t\t<section class=\"elementor-section elementor-top-section elementor-element elementor-element-1070802 elementor-section-boxed elementor-section-height-default elementor-section-height-default\" data-id=\"1070802\" data-element_type=\"section\">\n\t\t\t\t\t\t<div class=\"elementor-container elementor-column-gap-default\">\n\t\t\t\t\t<div class=\"elementor-column elementor-col-100 elementor-top-column elementor-element elementor-element-939baa6\" data-id=\"939baa6\" data-element_type=\"column\">\n\t\t\t<div class=\"elementor-widget-wrap elementor-element-populated\">\n\t\t\t\t\t\t<div class=\"elementor-element elementor-element-0949731 elementor-position-left elementor-vertical-align-top elementor-widget elementor-widget-image-box\" data-id=\"0949731\" data-element_type=\"widget\" data-widget_type=\"image-box.default\">\n\t\t\t\t<div class=\"elementor-widget-container\">\n\t\t\t\t\t<div class=\"elementor-image-box-wrapper\"><figure class=\"elementor-image-box-img\"><img loading=\"lazy\" decoding=\"async\" width=\"150\" height=\"143\" src=\"https:\/\/www.lifeingalicia.com\/lig\/wp-content\/uploads\/Map_by_mbgj_bj-150x143.gif\" class=\"attachment-thumbnail size-thumbnail wp-image-3237\" alt=\"Nearby Casa de las Flores \/ Casa do Polo\" srcset=\"https:\/\/www.lifeingalicia.com\/lig\/wp-content\/uploads\/Map_by_mbgj_bj-150x143.gif 150w, https:\/\/www.lifeingalicia.com\/lig\/wp-content\/uploads\/Map_by_mbgj_bj-316x300.gif 316w\" sizes=\"(max-width: 150px) 100vw, 150px\" \/><\/figure><div class=\"elementor-image-box-content\"><h3 class=\"elementor-image-box-title\">Scaling - Distancias a Sober<\/h3><p class=\"elementor-image-box-description\">A Coruna - 100 MinutesLos Cathedrales - 90 MinutesSantiago de Compostella - 80 MinutesSaria - 35\/40 MinutesCebrero - 80 Minutes or 120 MinutesQuiroga (O Courel) - 35 MinutesPonferrada - 110 MinutesPortugal - 110 MinutesO Porto Airport - 150 Minutes<\/p><\/div><\/div>\t\t\t\t<\/div>\n\t\t\t\t<\/div>\n\t\t\t\t\t<\/div>\n\t\t<\/div>\n\t\t\t\t\t<\/div>\n\t\t<\/section>\n\t\t\t\t<\/div>\n\t\t","protected":false},"excerpt":{"rendered":"<p>Usted ve aqu\u00ed en Sober @ Casa de las Flores o Casa do Polo estamos en el real coraz\u00f3n de la Ribeira Sacra y la Galicia rural. Pero nunca temer &#8211; las costas &#8211; no est\u00e1n lejos tampoco (90 min). Exploramos: Sober Tiene 2 supermercados, 4 bares y un restaurante y 80! Adegas (nombre Gallego&hellip;<\/p>\n<p class=\"more-link-wrapper\"><a class=\"more-link\" href=\"https:\/\/www.lifeingalicia.com\/es\/explora-y-alrededores\">Continue<\/a><\/p>\n","protected":false},"author":2255,"featured_media":0,"parent":0,"menu_order":0,"comment_status":"closed","ping_status":"closed","template":"","meta":{"footnotes":""},"class_list":["post-3535","page","type-page","status-publish","hentry"],"aioseo_notices":[],"_links":{"self":[{"href":"https:\/\/www.lifeingalicia.com\/es\/wp-json\/wp\/v2\/pages\/3535","targetHints":{"allow":["GET"]}}],"collection":[{"href":"https:\/\/www.lifeingalicia.com\/es\/wp-json\/wp\/v2\/pages"}],"about":[{"href":"https:\/\/www.lifeingalicia.com\/es\/wp-json\/wp\/v2\/types\/page"}],"author":[{"embeddable":true,"href":"https:\/\/www.lifeingalicia.com\/es\/wp-json\/wp\/v2\/users\/2255"}],"replies":[{"embeddable":true,"href":"https:\/\/www.lifeingalicia.com\/es\/wp-json\/wp\/v2\/comments?post=3535"}],"version-history":[{"count":0,"href":"https:\/\/www.lifeingalicia.com\/es\/wp-json\/wp\/v2\/pages\/3535\/revisions"}],"wp:attachment":[{"href":"https:\/\/www.lifeingalicia.com\/es\/wp-json\/wp\/v2\/media?parent=3535"}],"curies":[{"name":"wp","href":"https:\/\/api.w.org\/{rel}","templated":true}]}}