{"id":3539,"date":"2019-01-21T19:19:46","date_gmt":"2019-01-21T19:19:46","guid":{"rendered":"https:\/\/www.lifeingalicia.com\/workaway-ayudanos-en-mer-sober"},"modified":"2020-04-22T15:04:16","modified_gmt":"2020-04-22T15:04:16","slug":"es-workaway-ayudanos-en-mer-sober","status":"publish","type":"page","link":"https:\/\/www.lifeingalicia.com\/es\/es-workaway-ayudanos-en-mer-sober","title":{"rendered":"Workaway &#8211; Ayudanos en Mer Sober"},"content":{"rendered":"\t\t<div data-elementor-type=\"wp-post\" data-elementor-id=\"3539\" class=\"elementor elementor-3539\">\n\t\t\t\t\t\t<section class=\"elementor-section elementor-top-section elementor-element elementor-element-9cbffcf elementor-section-boxed elementor-section-height-default elementor-section-height-default\" data-id=\"9cbffcf\" data-element_type=\"section\">\n\t\t\t\t\t\t<div class=\"elementor-container elementor-column-gap-default\">\n\t\t\t\t\t<div class=\"elementor-column elementor-col-100 elementor-top-column elementor-element elementor-element-e1626a6\" data-id=\"e1626a6\" data-element_type=\"column\">\n\t\t\t<div class=\"elementor-widget-wrap elementor-element-populated\">\n\t\t\t\t\t\t<div class=\"elementor-element elementor-element-83b3cff elementor-position-top elementor-widget elementor-widget-image-box\" data-id=\"83b3cff\" data-element_type=\"widget\" data-widget_type=\"image-box.default\">\n\t\t\t\t<div class=\"elementor-widget-container\">\n\t\t\t\t\t<div class=\"elementor-image-box-wrapper\"><figure class=\"elementor-image-box-img\"><a href=\"https:\/\/www.workaway.info\/816673758327-en.html\" target=\"_blank\" tabindex=\"-1\"><img fetchpriority=\"high\" decoding=\"async\" width=\"1200\" height=\"798\" src=\"https:\/\/www.lifeingalicia.com\/lig\/wp-content\/uploads\/DSC_0861.jpg\" class=\"attachment-full size-full wp-image-2764\" alt=\"\" srcset=\"https:\/\/www.lifeingalicia.com\/lig\/wp-content\/uploads\/DSC_0861.jpg 1200w, https:\/\/www.lifeingalicia.com\/lig\/wp-content\/uploads\/DSC_0861-150x100.jpg 150w, https:\/\/www.lifeingalicia.com\/lig\/wp-content\/uploads\/DSC_0861-400x266.jpg 400w, https:\/\/www.lifeingalicia.com\/lig\/wp-content\/uploads\/DSC_0861-768x511.jpg 768w, https:\/\/www.lifeingalicia.com\/lig\/wp-content\/uploads\/DSC_0861-1024x681.jpg 1024w\" sizes=\"(max-width: 1200px) 100vw, 1200px\" \/><\/a><\/figure><div class=\"elementor-image-box-content\"><h3 class=\"elementor-image-box-title\"><a href=\"https:\/\/www.workaway.info\/816673758327-en.html\" target=\"_blank\">Le invitamos a venir a ayudarnos<\/a><\/h3><p class=\"elementor-image-box-description\">Via workaway.info o directamente te invitamos a contactarnos. Tenemos esta encantadora \"Bauwagen\" directamente en el jard\u00edn donde puedes quedarte.Esperamos un poco de ayuda con el jard\u00edn, a veces alg\u00fan mantenimiento en una de nuestras dos casas y ayudar con el cambio de los hu\u00e9spedes que se quedan en una de nuestras dos casas para alquilar.<\/p><\/div><\/div>\t\t\t\t<\/div>\n\t\t\t\t<\/div>\n\t\t\t\t<div class=\"elementor-element elementor-element-67aa9cb elementor-widget elementor-widget-image\" data-id=\"67aa9cb\" data-element_type=\"widget\" data-widget_type=\"image.default\">\n\t\t\t\t<div class=\"elementor-widget-container\">\n\t\t\t\t\t\t\t\t\t\t\t\t\t\t\t<img decoding=\"async\" width=\"1024\" height=\"681\" src=\"https:\/\/www.lifeingalicia.com\/lig\/wp-content\/uploads\/DSC_1900-1024x681.jpg\" class=\"attachment-large size-large wp-image-3478\" alt=\"\" srcset=\"https:\/\/www.lifeingalicia.com\/lig\/wp-content\/uploads\/DSC_1900-1024x681.jpg 1024w, https:\/\/www.lifeingalicia.com\/lig\/wp-content\/uploads\/DSC_1900-150x100.jpg 150w, https:\/\/www.lifeingalicia.com\/lig\/wp-content\/uploads\/DSC_1900-400x266.jpg 400w, https:\/\/www.lifeingalicia.com\/lig\/wp-content\/uploads\/DSC_1900-768x511.jpg 768w, https:\/\/www.lifeingalicia.com\/lig\/wp-content\/uploads\/DSC_1900.jpg 1200w\" sizes=\"(max-width: 1024px) 100vw, 1024px\" \/>\t\t\t\t\t\t\t\t\t\t\t\t\t\t\t<\/div>\n\t\t\t\t<\/div>\n\t\t\t\t\t<\/div>\n\t\t<\/div>\n\t\t\t\t\t<\/div>\n\t\t<\/section>\n\t\t\t\t<\/div>\n\t\t","protected":false},"excerpt":{"rendered":"<p>Le invitamos a venir a ayudarnos Via workaway.info o directamente te invitamos a contactarnos. Tenemos esta encantadora \u00abBauwagen\u00bb directamente en el jard\u00edn donde puedes quedarte.Esperamos un poco de ayuda con el jard\u00edn, a veces alg\u00fan mantenimiento en una de nuestras dos casas y ayudar con el cambio de los hu\u00e9spedes que se quedan en una&hellip;<\/p>\n<p class=\"more-link-wrapper\"><a class=\"more-link\" href=\"https:\/\/www.lifeingalicia.com\/es\/es-workaway-ayudanos-en-mer-sober\">Continue<\/a><\/p>\n","protected":false},"author":2255,"featured_media":0,"parent":0,"menu_order":0,"comment_status":"closed","ping_status":"closed","template":"","meta":{"footnotes":""},"class_list":["post-3539","page","type-page","status-publish","hentry"],"aioseo_notices":[],"_links":{"self":[{"href":"https:\/\/www.lifeingalicia.com\/es\/wp-json\/wp\/v2\/pages\/3539","targetHints":{"allow":["GET"]}}],"collection":[{"href":"https:\/\/www.lifeingalicia.com\/es\/wp-json\/wp\/v2\/pages"}],"about":[{"href":"https:\/\/www.lifeingalicia.com\/es\/wp-json\/wp\/v2\/types\/page"}],"author":[{"embeddable":true,"href":"https:\/\/www.lifeingalicia.com\/es\/wp-json\/wp\/v2\/users\/2255"}],"replies":[{"embeddable":true,"href":"https:\/\/www.lifeingalicia.com\/es\/wp-json\/wp\/v2\/comments?post=3539"}],"version-history":[{"count":0,"href":"https:\/\/www.lifeingalicia.com\/es\/wp-json\/wp\/v2\/pages\/3539\/revisions"}],"wp:attachment":[{"href":"https:\/\/www.lifeingalicia.com\/es\/wp-json\/wp\/v2\/media?parent=3539"}],"curies":[{"name":"wp","href":"https:\/\/api.w.org\/{rel}","templated":true}]}}