{"id":3482,"date":"2019-01-18T15:28:58","date_gmt":"2019-01-18T15:28:58","guid":{"rendered":"https:\/\/www.lifeingalicia.com\/a-propos"},"modified":"2019-07-18T22:48:43","modified_gmt":"2019-07-18T22:48:43","slug":"a-propos","status":"publish","type":"page","link":"https:\/\/www.lifeingalicia.com\/fr\/a-propos","title":{"rendered":"\u00c0 Propos"},"content":{"rendered":"\t\t<div data-elementor-type=\"wp-post\" data-elementor-id=\"3482\" class=\"elementor elementor-3482 elementor-bc-flex-widget\">\n\t\t\t\t\t\t<section class=\"elementor-section elementor-top-section elementor-element elementor-element-6258ba7e elementor-section-boxed elementor-section-height-default elementor-section-height-default\" data-id=\"6258ba7e\" data-element_type=\"section\">\n\t\t\t\t\t\t<div class=\"elementor-container elementor-column-gap-default\">\n\t\t\t\t\t<div class=\"elementor-column elementor-col-100 elementor-top-column elementor-element elementor-element-4ed43aa8\" data-id=\"4ed43aa8\" data-element_type=\"column\">\n\t\t\t<div class=\"elementor-widget-wrap elementor-element-populated\">\n\t\t\t\t\t\t<div class=\"elementor-element elementor-element-716b41a2 elementor-widget elementor-widget-text-editor\" data-id=\"716b41a2\" data-element_type=\"widget\" data-widget_type=\"text-editor.default\">\n\t\t\t\t<div class=\"elementor-widget-container\">\n\t\t\t\t\t\t\t\t\t<p align=\"left\">Bienvenue \u00e0 nos pages, maisons, blog, ressources et plus encore.<\/p>\n<p>Nous sommes une paire d&rsquo;expatri\u00e9s \u00ab\u00a0GenGlish\u00a0\u00bb qui a \u00e9t\u00e9 mordu par le bug galicien. Ce qui nous a entra\u00een\u00e9 \u00e0 d\u00e9m\u00e9nager dans une belle r\u00e9gion rurale \u00e0 environ 100 kilometros de l&rsquo;Atlantique et \u00e0 100 km du Portugal.<br \/>Non, la Galice n&rsquo;est pas dans le nord de l&rsquo;Espagne. C&rsquo;est plut\u00f4t dans le Nord-Ouest. Se polotonner dans le coin ext\u00e9rieur sur le dessus du Portugal et \u00e0 c\u00f4t\u00e9 des Asturies.<\/p>\n<p align=\"center\"><img decoding=\"async\" title=\"Province de Galice\" src=\"\/images\/es-sat-prov.jpg\" alt=\"Province de Galice\"\/><\/p>\n<p>En 2004, nous avons profit\u00e9 d&rsquo;une nouvelle route de Ryanair et nous nous sommes envol\u00e9s \u00e0 Santiago de Compostella. Sur Internet, nous avions r\u00e9serv\u00e9 une petite maison dans un quartier cerca de (Ferreira\/Panton\/Monforte) en la Ribeira sacra.<\/p>\n<p>Eh bien, maintenant nous sommes ici! Dois-je en dire plus.<\/p>\n<p>S&rsquo;il vous pla\u00eet explorer notre blog-sur le projet de r\u00e9novation et notre int\u00e9gration en Galice ainsi que beaucoup plus de pages sur la r\u00e9gion et des ressources utiles.<\/p>\n<p>Toutes les observations, omissions, fautes d&rsquo;orthographe et l&rsquo;ensemble de la randonn\u00e9e sont uniquement notre expression de la pure plaisir d&rsquo;\u00eatre ici.<\/p>\n<p>Nous esp\u00e9rons que vous appr\u00e9cierez le site. Venez nous rendre visite. Nous avons deu belle maisons\/appartements \u00e0 louer dans une zone tr\u00e8s rurale avec un environnement fantasastique \u00e0 proximit\u00e9. <a title=\"Maison\/appartement \u00e0 louer en Galice\" href=\"http:\/\/www.lifeingalicia.com\/lig\/house-apartment-garden-for-rent-in-mer-sober\">Location de maison-cliquez ici<\/a><\/p>\n<p>Explorez notre voisinage et les d\u00e9tails de la maison- <a title=\"photos autour de nous en Galice\" href=\"https:\/\/www.lifeingalicia.com\/picsshow\/\">Galerie photo Galicia cliquez ici<\/a><\/p>\n<p>\u00e0 bient\u00f4t<\/p>\n<p>Expatri\u00e9s<\/p>\n<p>Ps. O\u00f9 dans le&#8230; \u00eates-vous? <a title=\"C'est l\u00e0 que nous sommes en Galice\" href=\"https:\/\/www.google.com\/maps\/place\/Casa+de+las+Flores\/@42.4451739,-7.6086789,13z\/data=!4m5!3m4!1s0xd300fce8059d02b:0x189a49d98397910!8m2!3d42.44517!4d-7.57366\" target=\"_blank\" rel=\"noopener\">Nous sommes ici-il suffit de cliquer<\/a><\/p>\n\t\t\t\t\t\t\t\t<\/div>\n\t\t\t\t<\/div>\n\t\t\t\t\t<\/div>\n\t\t<\/div>\n\t\t\t\t\t<\/div>\n\t\t<\/section>\n\t\t\t\t<\/div>\n\t\t","protected":false},"excerpt":{"rendered":"<p>Bienvenue \u00e0 nos pages, maisons, blog, ressources et plus encore. Nous sommes une paire d&rsquo;expatri\u00e9s \u00ab\u00a0GenGlish\u00a0\u00bb qui a \u00e9t\u00e9 mordu par le bug galicien. Ce qui nous a entra\u00een\u00e9 \u00e0 d\u00e9m\u00e9nager dans une belle r\u00e9gion rurale \u00e0 environ 100 kilometros de l&rsquo;Atlantique et \u00e0 100 km du Portugal.Non, la Galice n&rsquo;est pas dans le nord&hellip;<\/p>\n<p class=\"more-link-wrapper\"><a class=\"more-link\" href=\"https:\/\/www.lifeingalicia.com\/fr\/a-propos\">Continue<\/a><\/p>\n","protected":false},"author":2255,"featured_media":0,"parent":0,"menu_order":0,"comment_status":"closed","ping_status":"open","template":"","meta":{"footnotes":""},"class_list":["post-3482","page","type-page","status-publish","hentry"],"aioseo_notices":[],"_links":{"self":[{"href":"https:\/\/www.lifeingalicia.com\/fr\/wp-json\/wp\/v2\/pages\/3482","targetHints":{"allow":["GET"]}}],"collection":[{"href":"https:\/\/www.lifeingalicia.com\/fr\/wp-json\/wp\/v2\/pages"}],"about":[{"href":"https:\/\/www.lifeingalicia.com\/fr\/wp-json\/wp\/v2\/types\/page"}],"author":[{"embeddable":true,"href":"https:\/\/www.lifeingalicia.com\/fr\/wp-json\/wp\/v2\/users\/2255"}],"replies":[{"embeddable":true,"href":"https:\/\/www.lifeingalicia.com\/fr\/wp-json\/wp\/v2\/comments?post=3482"}],"version-history":[{"count":0,"href":"https:\/\/www.lifeingalicia.com\/fr\/wp-json\/wp\/v2\/pages\/3482\/revisions"}],"wp:attachment":[{"href":"https:\/\/www.lifeingalicia.com\/fr\/wp-json\/wp\/v2\/media?parent=3482"}],"curies":[{"name":"wp","href":"https:\/\/api.w.org\/{rel}","templated":true}]}}