{"id":3490,"date":"2019-01-21T13:53:39","date_gmt":"2019-01-21T13:53:39","guid":{"rendered":"https:\/\/www.lifeingalicia.com\/decouvrez-a-proximite"},"modified":"2019-07-10T14:48:59","modified_gmt":"2019-07-10T14:48:59","slug":"decouvrez-a-proximite","status":"publish","type":"page","link":"https:\/\/www.lifeingalicia.com\/fr\/decouvrez-a-proximite","title":{"rendered":"D\u00e9couvrez &amp; \u00e0 proximit\u00e9"},"content":{"rendered":"\t\t<div data-elementor-type=\"wp-post\" data-elementor-id=\"3490\" class=\"elementor elementor-3490\">\n\t\t\t\t\t\t<section class=\"elementor-section elementor-top-section elementor-element elementor-element-1616691 elementor-section-boxed elementor-section-height-default elementor-section-height-default\" data-id=\"1616691\" data-element_type=\"section\">\n\t\t\t\t\t\t<div class=\"elementor-container elementor-column-gap-default\">\n\t\t\t\t\t<div class=\"elementor-column elementor-col-50 elementor-top-column elementor-element elementor-element-3dc333b\" data-id=\"3dc333b\" data-element_type=\"column\">\n\t\t\t<div class=\"elementor-widget-wrap elementor-element-populated\">\n\t\t\t\t\t\t<div class=\"elementor-element elementor-element-0c05e97 elementor-widget elementor-widget-image\" data-id=\"0c05e97\" data-element_type=\"widget\" data-widget_type=\"image.default\">\n\t\t\t\t<div class=\"elementor-widget-container\">\n\t\t\t\t\t\t\t\t\t\t\t\t\t\t\t<img fetchpriority=\"high\" decoding=\"async\" width=\"406\" height=\"386\" src=\"https:\/\/www.lifeingalicia.com\/lig\/wp-content\/uploads\/Map_by_mbgj_bj.gif\" class=\"attachment-large size-large wp-image-3235\" alt=\"\u00c0 proximit\u00e9 de Casa de Las Flores\/Casa do Polo\" \/>\t\t\t\t\t\t\t\t\t\t\t\t\t\t\t<\/div>\n\t\t\t\t<\/div>\n\t\t\t\t\t<\/div>\n\t\t<\/div>\n\t\t\t\t<div class=\"elementor-column elementor-col-50 elementor-top-column elementor-element elementor-element-a118729\" data-id=\"a118729\" data-element_type=\"column\">\n\t\t\t<div class=\"elementor-widget-wrap elementor-element-populated\">\n\t\t\t\t\t\t<div class=\"elementor-element elementor-element-dddffbf elementor-widget elementor-widget-text-editor\" data-id=\"dddffbf\" data-element_type=\"widget\" data-widget_type=\"text-editor.default\">\n\t\t\t\t<div class=\"elementor-widget-container\">\n\t\t\t\t\t\t\t\t\t<p>Vous voyez ici \u00e0 sobre @ Casa de las Flores ou Casa do Polo nous sommes dans le vrai c\u0153ur de la Ribeira Sacra et de la Galice rurale.<\/p>\n<p>Mais ne craignez jamais la c\u00f4te-les deux d&rsquo;entre eux-ne sont pas loin non plus.<\/p>\n<p>Permet d&rsquo;explorer:<\/p>\n<p>Sober<\/p>\n<p>A 2 supermarch\u00e9s, 4 bars et un restaurant et 80! Adegas (nom galicien pour un vigneron)<\/p>\n<p>Monforte<\/p>\n<p>\u00c0 seulement 10 minutes, vous trouverez plus de supermarch\u00e9s, de bars et de restaurants. Bien vaut le d\u00e9tour-le Parador le vieux ch\u00e2teau sur la colline. Un endroit id\u00e9al pour prendre un caf\u00e9 et admirer la vue sur la \u00ab\u00a0Vale de Lemos\u00a0\u00bb. Juste en dessous vous trouverez le vieux quartier juif.<\/p>\n\t\t\t\t\t\t\t\t<\/div>\n\t\t\t\t<\/div>\n\t\t\t\t\t<\/div>\n\t\t<\/div>\n\t\t\t\t\t<\/div>\n\t\t<\/section>\n\t\t\t\t<section class=\"elementor-section elementor-top-section elementor-element elementor-element-126ec37 elementor-section-boxed elementor-section-height-default elementor-section-height-default\" data-id=\"126ec37\" data-element_type=\"section\">\n\t\t\t\t\t\t<div class=\"elementor-container elementor-column-gap-default\">\n\t\t\t\t\t<div class=\"elementor-column elementor-col-50 elementor-top-column elementor-element elementor-element-bdc7acf\" data-id=\"bdc7acf\" data-element_type=\"column\">\n\t\t\t<div class=\"elementor-widget-wrap elementor-element-populated\">\n\t\t\t\t\t\t<div class=\"elementor-element elementor-element-eaaa540 elementor-widget elementor-widget-text-editor\" data-id=\"eaaa540\" data-element_type=\"widget\" data-widget_type=\"text-editor.default\">\n\t\t\t\t<div class=\"elementor-widget-container\">\n\t\t\t\t\t\t\t\t\t<p>Ne pas donner trop de nos visites personnalis\u00e9es. Ensuite, Castro Caldelas. Vous entrez au c\u0153ur d&rsquo;Amandi a D.O. dans la RIbeira Sacra et d\u00e9couvrez les vignobles les plus raides d&rsquo;Europe. Un tour sur le catamaran sur le Rio sil peut \u00eatre r\u00e9serv\u00e9 \u00e0 l&rsquo;avance lorsque vous s\u00e9journez avec nous.<\/p>\n<p>Lorsque vous atteignez Castro Caldelas sur le sommet d&rsquo;un plateau de montagne (1000 m\u00e8tres) un vrai ch\u00e2teau et une petite mais grande vieille ville et un cimeti\u00e8re avec une vue de mourir pour peut \u00eatre pris dans une promenade.<\/p>\n<p>De l\u00e0, une fois que vous avez pris un caf\u00e9 et go\u00fbt\u00e9 le local \u00ab\u00a0Bica\u00a0\u00bb, pourquoi ne pas explorer le \u00ab\u00a0pasarela de Rio Mau\u00a0\u00bb pr\u00e8s de Cristosende.<\/p>\n\t\t\t\t\t\t\t\t<\/div>\n\t\t\t\t<\/div>\n\t\t\t\t\t<\/div>\n\t\t<\/div>\n\t\t\t\t<div class=\"elementor-column elementor-col-50 elementor-top-column elementor-element elementor-element-12460de\" data-id=\"12460de\" data-element_type=\"column\">\n\t\t\t<div class=\"elementor-widget-wrap elementor-element-populated\">\n\t\t\t\t\t\t<div class=\"elementor-element elementor-element-6c47625 elementor-widget elementor-widget-video\" data-id=\"6c47625\" data-element_type=\"widget\" data-settings=\"{&quot;youtube_url&quot;:&quot;https:\\\/\\\/www.youtube.com\\\/watch?v=32PNM0HIdNk&quot;,&quot;video_type&quot;:&quot;youtube&quot;,&quot;controls&quot;:&quot;yes&quot;}\" data-widget_type=\"video.default\">\n\t\t\t\t<div class=\"elementor-widget-container\">\n\t\t\t\t\t\t\t<div class=\"elementor-wrapper elementor-open-inline\">\n\t\t\t<div class=\"elementor-video\"><\/div>\t\t<\/div>\n\t\t\t\t\t\t<\/div>\n\t\t\t\t<\/div>\n\t\t\t\t\t<\/div>\n\t\t<\/div>\n\t\t\t\t\t<\/div>\n\t\t<\/section>\n\t\t\t\t<section class=\"elementor-section elementor-top-section elementor-element elementor-element-f830ca0 elementor-section-boxed elementor-section-height-default elementor-section-height-default\" data-id=\"f830ca0\" data-element_type=\"section\">\n\t\t\t\t\t\t<div class=\"elementor-container elementor-column-gap-default\">\n\t\t\t\t\t<div class=\"elementor-column elementor-col-33 elementor-top-column elementor-element elementor-element-6fbd512\" data-id=\"6fbd512\" data-element_type=\"column\">\n\t\t\t<div class=\"elementor-widget-wrap elementor-element-populated\">\n\t\t\t\t\t\t<div class=\"elementor-element elementor-element-8add09b elementor-widget elementor-widget-image\" data-id=\"8add09b\" data-element_type=\"widget\" data-widget_type=\"image.default\">\n\t\t\t\t<div class=\"elementor-widget-container\">\n\t\t\t\t\t\t\t\t\t\t\t\t\t\t\t<img decoding=\"async\" width=\"225\" height=\"150\" src=\"https:\/\/www.lifeingalicia.com\/lig\/wp-content\/uploads\/wikiloc-ex-9.jpg\" class=\"attachment-large size-large wp-image-3491\" alt=\"\" srcset=\"https:\/\/www.lifeingalicia.com\/lig\/wp-content\/uploads\/wikiloc-ex-9.jpg 225w, https:\/\/www.lifeingalicia.com\/lig\/wp-content\/uploads\/wikiloc-ex-9-150x100.jpg 150w\" sizes=\"(max-width: 225px) 100vw, 225px\" \/>\t\t\t\t\t\t\t\t\t\t\t\t\t\t\t<\/div>\n\t\t\t\t<\/div>\n\t\t\t\t\t<\/div>\n\t\t<\/div>\n\t\t\t\t<div class=\"elementor-column elementor-col-33 elementor-top-column elementor-element elementor-element-95cf368\" data-id=\"95cf368\" data-element_type=\"column\">\n\t\t\t<div class=\"elementor-widget-wrap elementor-element-populated\">\n\t\t\t\t\t\t<div class=\"elementor-element elementor-element-0afe6cd elementor-widget elementor-widget-text-editor\" data-id=\"0afe6cd\" data-element_type=\"widget\" data-widget_type=\"text-editor.default\">\n\t\t\t\t<div class=\"elementor-widget-container\">\n\t\t\t\t\t\t\t\t\t<p>Alternativement, vous pouvez explorer les \u00ab\u00a0monta\u00f1as de la route de la montagne\u00a0\u00bb en direction de la \u00ab\u00a0Cabeza de Manzaneda\u00a0\u00bb.<\/p>\n<p>Sur le chemin, nous vous conseillons de visiter Celeiros et le bar Cardiego \u00e0 l&rsquo;Embalse de Chandrexa. La plage de sable peut vous inviter \u00e0 nager dans les eaux cristallines de cristal.<\/p>\n\t\t\t\t\t\t\t\t<\/div>\n\t\t\t\t<\/div>\n\t\t\t\t\t<\/div>\n\t\t<\/div>\n\t\t\t\t<div class=\"elementor-column elementor-col-33 elementor-top-column elementor-element elementor-element-6c688f2\" data-id=\"6c688f2\" data-element_type=\"column\">\n\t\t\t<div class=\"elementor-widget-wrap elementor-element-populated\">\n\t\t\t\t\t\t<div class=\"elementor-element elementor-element-e3e9e4c elementor-widget elementor-widget-image\" data-id=\"e3e9e4c\" data-element_type=\"widget\" data-widget_type=\"image.default\">\n\t\t\t\t<div class=\"elementor-widget-container\">\n\t\t\t\t\t\t\t\t\t\t\t\t\t\t\t<img decoding=\"async\" width=\"225\" height=\"150\" src=\"https:\/\/www.lifeingalicia.com\/lig\/wp-content\/uploads\/wikiloc-ex-8.jpg\" class=\"attachment-large size-large wp-image-3495\" alt=\"\" srcset=\"https:\/\/www.lifeingalicia.com\/lig\/wp-content\/uploads\/wikiloc-ex-8.jpg 225w, https:\/\/www.lifeingalicia.com\/lig\/wp-content\/uploads\/wikiloc-ex-8-150x100.jpg 150w\" sizes=\"(max-width: 225px) 100vw, 225px\" \/>\t\t\t\t\t\t\t\t\t\t\t\t\t\t\t<\/div>\n\t\t\t\t<\/div>\n\t\t\t\t\t<\/div>\n\t\t<\/div>\n\t\t\t\t\t<\/div>\n\t\t<\/section>\n\t\t\t\t<section class=\"elementor-section elementor-top-section elementor-element elementor-element-c3fbe77 elementor-section-boxed elementor-section-height-default elementor-section-height-default\" data-id=\"c3fbe77\" data-element_type=\"section\">\n\t\t\t\t\t\t<div class=\"elementor-container elementor-column-gap-default\">\n\t\t\t\t\t<div class=\"elementor-column elementor-col-50 elementor-top-column elementor-element elementor-element-884f9e1\" data-id=\"884f9e1\" data-element_type=\"column\">\n\t\t\t<div class=\"elementor-widget-wrap elementor-element-populated\">\n\t\t\t\t\t\t<div class=\"elementor-element elementor-element-8a7b935 elementor-widget elementor-widget-text-editor\" data-id=\"8a7b935\" data-element_type=\"widget\" data-widget_type=\"text-editor.default\">\n\t\t\t\t<div class=\"elementor-widget-container\">\n\t\t\t\t\t\t\t\t\t<p>Orense-Fashion ville de Galice avec une belle vieille ville et grand \u00ab\u00a0termales\u00a0\u00bb-public et japonais de style-le long des rives du Rio Mi\u00f1o.<\/p>\n<p>Sur votre chemin de ou vers Orense vous venez pass\u00e9 OS Peares. Un petit tour de c\u00f4t\u00e9 et vous pouvez vous asseoir sur la plate-forme de chemin de fer et avoir une boisson en fin d&rsquo;apr\u00e8s-midi-apr\u00e8s que vous avez fait la petite promenade sous le pont de chemin de fer en direction amont pour reconna\u00eetre le petit parc et zone de pique-niquer-o\u00f9 encore en \u00e9t\u00e9, vous pouvez nager-M\u00e9fiez-vous c&rsquo;est un Mo tr\u00e8s froid ruisseau fontaine bien.<\/p>\n\t\t\t\t\t\t\t\t<\/div>\n\t\t\t\t<\/div>\n\t\t\t\t\t<\/div>\n\t\t<\/div>\n\t\t\t\t<div class=\"elementor-column elementor-col-50 elementor-top-column elementor-element elementor-element-f47b927\" data-id=\"f47b927\" data-element_type=\"column\">\n\t\t\t<div class=\"elementor-widget-wrap elementor-element-populated\">\n\t\t\t\t\t\t<div class=\"elementor-element elementor-element-1c70fbc elementor-widget elementor-widget-image\" data-id=\"1c70fbc\" data-element_type=\"widget\" data-widget_type=\"image.default\">\n\t\t\t\t<div class=\"elementor-widget-container\">\n\t\t\t\t\t\t\t\t\t\t\t\t\t\t\t<img loading=\"lazy\" decoding=\"async\" width=\"160\" height=\"89\" src=\"https:\/\/www.lifeingalicia.com\/lig\/wp-content\/uploads\/wikiloc-ex-2.jpg\" class=\"attachment-large size-large wp-image-3499\" alt=\"\" srcset=\"https:\/\/www.lifeingalicia.com\/lig\/wp-content\/uploads\/wikiloc-ex-2.jpg 160w, https:\/\/www.lifeingalicia.com\/lig\/wp-content\/uploads\/wikiloc-ex-2-150x83.jpg 150w\" sizes=\"(max-width: 160px) 100vw, 160px\" \/>\t\t\t\t\t\t\t\t\t\t\t\t\t\t\t<\/div>\n\t\t\t\t<\/div>\n\t\t\t\t\t<\/div>\n\t\t<\/div>\n\t\t\t\t\t<\/div>\n\t\t<\/section>\n\t\t\t\t<section class=\"elementor-section elementor-top-section elementor-element elementor-element-1070802 elementor-section-boxed elementor-section-height-default elementor-section-height-default\" data-id=\"1070802\" data-element_type=\"section\">\n\t\t\t\t\t\t<div class=\"elementor-container elementor-column-gap-default\">\n\t\t\t\t\t<div class=\"elementor-column elementor-col-100 elementor-top-column elementor-element elementor-element-939baa6\" data-id=\"939baa6\" data-element_type=\"column\">\n\t\t\t<div class=\"elementor-widget-wrap elementor-element-populated\">\n\t\t\t\t\t\t<div class=\"elementor-element elementor-element-0949731 elementor-position-left elementor-vertical-align-top elementor-widget elementor-widget-image-box\" data-id=\"0949731\" data-element_type=\"widget\" data-widget_type=\"image-box.default\">\n\t\t\t\t<div class=\"elementor-widget-container\">\n\t\t\t\t\t<div class=\"elementor-image-box-wrapper\"><figure class=\"elementor-image-box-img\"><img loading=\"lazy\" decoding=\"async\" width=\"150\" height=\"143\" src=\"https:\/\/www.lifeingalicia.com\/lig\/wp-content\/uploads\/Map_by_mbgj_bj-150x143.gif\" class=\"attachment-thumbnail size-thumbnail wp-image-3235\" alt=\"\u00c0 proximit\u00e9 de Casa de Las Flores\/Casa do Polo\" srcset=\"https:\/\/www.lifeingalicia.com\/lig\/wp-content\/uploads\/Map_by_mbgj_bj-150x143.gif 150w, https:\/\/www.lifeingalicia.com\/lig\/wp-content\/uploads\/Map_by_mbgj_bj-316x300.gif 316w\" sizes=\"(max-width: 150px) 100vw, 150px\" \/><\/figure><div class=\"elementor-image-box-content\"><h3 class=\"elementor-image-box-title\">Mise \u00e0 l'\u00e9chelle - Distances de Sober<\/h3><p class=\"elementor-image-box-description\">A Coruna - 100 MinutesLos Cathedrales - 90 MinutesSantiago de Compostella - 80 MinutesSaria - 35\/40 MinutesCebrero - 80 Minutes ou 120 MinutesKuiroga (O Courel) - 35 MinutesPonferrada - 110 MinutesPortugal - 110 MinutesO A\u00e9roport de Porto - 150 Minutes<\/p><\/div><\/div>\t\t\t\t<\/div>\n\t\t\t\t<\/div>\n\t\t\t\t\t<\/div>\n\t\t<\/div>\n\t\t\t\t\t<\/div>\n\t\t<\/section>\n\t\t\t\t<\/div>\n\t\t","protected":false},"excerpt":{"rendered":"<p>Vous voyez ici \u00e0 sobre @ Casa de las Flores ou Casa do Polo nous sommes dans le vrai c\u0153ur de la Ribeira Sacra et de la Galice rurale. Mais ne craignez jamais la c\u00f4te-les deux d&rsquo;entre eux-ne sont pas loin non plus. Permet d&rsquo;explorer: Sober A 2 supermarch\u00e9s, 4 bars et un restaurant et&hellip;<\/p>\n<p class=\"more-link-wrapper\"><a class=\"more-link\" href=\"https:\/\/www.lifeingalicia.com\/fr\/decouvrez-a-proximite\">Continue<\/a><\/p>\n","protected":false},"author":2255,"featured_media":0,"parent":0,"menu_order":0,"comment_status":"closed","ping_status":"closed","template":"","meta":{"footnotes":""},"class_list":["post-3490","page","type-page","status-publish","hentry"],"aioseo_notices":[],"_links":{"self":[{"href":"https:\/\/www.lifeingalicia.com\/fr\/wp-json\/wp\/v2\/pages\/3490","targetHints":{"allow":["GET"]}}],"collection":[{"href":"https:\/\/www.lifeingalicia.com\/fr\/wp-json\/wp\/v2\/pages"}],"about":[{"href":"https:\/\/www.lifeingalicia.com\/fr\/wp-json\/wp\/v2\/types\/page"}],"author":[{"embeddable":true,"href":"https:\/\/www.lifeingalicia.com\/fr\/wp-json\/wp\/v2\/users\/2255"}],"replies":[{"embeddable":true,"href":"https:\/\/www.lifeingalicia.com\/fr\/wp-json\/wp\/v2\/comments?post=3490"}],"version-history":[{"count":0,"href":"https:\/\/www.lifeingalicia.com\/fr\/wp-json\/wp\/v2\/pages\/3490\/revisions"}],"wp:attachment":[{"href":"https:\/\/www.lifeingalicia.com\/fr\/wp-json\/wp\/v2\/media?parent=3490"}],"curies":[{"name":"wp","href":"https:\/\/api.w.org\/{rel}","templated":true}]}}