{"id":3544,"date":"2019-01-18T14:43:27","date_gmt":"2019-01-18T14:43:27","guid":{"rendered":"https:\/\/www.lifeingalicia.com\/workaway-helpers-in-mer-sober"},"modified":"2019-08-02T15:18:36","modified_gmt":"2019-08-02T15:18:36","slug":"workaway-helpers-in-mer-sober","status":"publish","type":"page","link":"https:\/\/www.lifeingalicia.com\/fr\/workaway-helpers-in-mer-sober","title":{"rendered":"Workaway &#8211; Helpers in Mer Sober"},"content":{"rendered":"\t\t<div data-elementor-type=\"wp-post\" data-elementor-id=\"3544\" class=\"elementor elementor-3544\">\n\t\t\t\t\t\t<section class=\"elementor-section elementor-top-section elementor-element elementor-element-9cbffcf elementor-section-boxed elementor-section-height-default elementor-section-height-default\" data-id=\"9cbffcf\" data-element_type=\"section\">\n\t\t\t\t\t\t<div class=\"elementor-container elementor-column-gap-default\">\n\t\t\t\t\t<div class=\"elementor-column elementor-col-100 elementor-top-column elementor-element elementor-element-e1626a6\" data-id=\"e1626a6\" data-element_type=\"column\">\n\t\t\t<div class=\"elementor-widget-wrap elementor-element-populated\">\n\t\t\t\t\t\t<div class=\"elementor-element elementor-element-83b3cff elementor-position-top elementor-widget elementor-widget-image-box\" data-id=\"83b3cff\" data-element_type=\"widget\" data-widget_type=\"image-box.default\">\n\t\t\t\t<div class=\"elementor-widget-container\">\n\t\t\t\t\t<div class=\"elementor-image-box-wrapper\"><figure class=\"elementor-image-box-img\"><a href=\"https:\/\/www.workaway.info\/816673758327-en.html\" target=\"_blank\" tabindex=\"-1\"><img fetchpriority=\"high\" decoding=\"async\" width=\"1200\" height=\"798\" src=\"https:\/\/www.lifeingalicia.com\/lig\/wp-content\/uploads\/DSC_0861.jpg\" class=\"attachment-full size-full wp-image-3540\" alt=\"\" srcset=\"https:\/\/www.lifeingalicia.com\/lig\/wp-content\/uploads\/DSC_0861.jpg 1200w, https:\/\/www.lifeingalicia.com\/lig\/wp-content\/uploads\/DSC_0861-150x100.jpg 150w, https:\/\/www.lifeingalicia.com\/lig\/wp-content\/uploads\/DSC_0861-400x266.jpg 400w, https:\/\/www.lifeingalicia.com\/lig\/wp-content\/uploads\/DSC_0861-768x511.jpg 768w, https:\/\/www.lifeingalicia.com\/lig\/wp-content\/uploads\/DSC_0861-1024x681.jpg 1024w\" sizes=\"(max-width: 1200px) 100vw, 1200px\" \/><\/a><\/figure><div class=\"elementor-image-box-content\"><h3 class=\"elementor-image-box-title\"><a href=\"https:\/\/www.workaway.info\/816673758327-en.html\" target=\"_blank\">Vous \u00eates invit\u00e9s \u00e0 venir nous aider.<\/a><\/h3><p class=\"elementor-image-box-description\">Via workaway.info or directly you are welcome to contact us. We have this lovely \"Bauwagen\" directly in the garden where you can stay.\nWe expect a bit of help with the garden, sometimes some maintenace in one of our two houses and help with the changeover of guests that stay in one of our two houses to rent.<\/p><\/div><\/div>\t\t\t\t<\/div>\n\t\t\t\t<\/div>\n\t\t\t\t<div class=\"elementor-element elementor-element-67aa9cb elementor-widget elementor-widget-image\" data-id=\"67aa9cb\" data-element_type=\"widget\" data-widget_type=\"image.default\">\n\t\t\t\t<div class=\"elementor-widget-container\">\n\t\t\t\t\t\t\t\t\t\t\t\t\t\t\t<img decoding=\"async\" width=\"1024\" height=\"681\" src=\"https:\/\/www.lifeingalicia.com\/lig\/wp-content\/uploads\/DSC_1900-1024x681.jpg\" class=\"attachment-large size-large wp-image-3476\" alt=\"\" srcset=\"https:\/\/www.lifeingalicia.com\/lig\/wp-content\/uploads\/DSC_1900-1024x681.jpg 1024w, https:\/\/www.lifeingalicia.com\/lig\/wp-content\/uploads\/DSC_1900-150x100.jpg 150w, https:\/\/www.lifeingalicia.com\/lig\/wp-content\/uploads\/DSC_1900-400x266.jpg 400w, https:\/\/www.lifeingalicia.com\/lig\/wp-content\/uploads\/DSC_1900-768x511.jpg 768w, https:\/\/www.lifeingalicia.com\/lig\/wp-content\/uploads\/DSC_1900.jpg 1200w\" sizes=\"(max-width: 1024px) 100vw, 1024px\" \/>\t\t\t\t\t\t\t\t\t\t\t\t\t\t\t<\/div>\n\t\t\t\t<\/div>\n\t\t\t\t\t<\/div>\n\t\t<\/div>\n\t\t\t\t\t<\/div>\n\t\t<\/section>\n\t\t\t\t<\/div>\n\t\t","protected":false},"excerpt":{"rendered":"<p>You are welcome to come and help us Via workaway.info or directly you are welcome to contact us. We have this lovely \u00ab\u00a0Bauwagen\u00a0\u00bb directly in the garden where you can stay. We expect a bit of help with the garden, sometimes some maintenace in one of our two houses and help with the changeover of&hellip;<\/p>\n<p class=\"more-link-wrapper\"><a class=\"more-link\" href=\"https:\/\/www.lifeingalicia.com\/fr\/workaway-helpers-in-mer-sober\">Continue<\/a><\/p>\n","protected":false},"author":2255,"featured_media":0,"parent":0,"menu_order":0,"comment_status":"closed","ping_status":"closed","template":"","meta":{"footnotes":""},"class_list":["post-3544","page","type-page","status-publish","hentry"],"aioseo_notices":[],"_links":{"self":[{"href":"https:\/\/www.lifeingalicia.com\/fr\/wp-json\/wp\/v2\/pages\/3544","targetHints":{"allow":["GET"]}}],"collection":[{"href":"https:\/\/www.lifeingalicia.com\/fr\/wp-json\/wp\/v2\/pages"}],"about":[{"href":"https:\/\/www.lifeingalicia.com\/fr\/wp-json\/wp\/v2\/types\/page"}],"author":[{"embeddable":true,"href":"https:\/\/www.lifeingalicia.com\/fr\/wp-json\/wp\/v2\/users\/2255"}],"replies":[{"embeddable":true,"href":"https:\/\/www.lifeingalicia.com\/fr\/wp-json\/wp\/v2\/comments?post=3544"}],"version-history":[{"count":0,"href":"https:\/\/www.lifeingalicia.com\/fr\/wp-json\/wp\/v2\/pages\/3544\/revisions"}],"wp:attachment":[{"href":"https:\/\/www.lifeingalicia.com\/fr\/wp-json\/wp\/v2\/media?parent=3544"}],"curies":[{"name":"wp","href":"https:\/\/api.w.org\/{rel}","templated":true}]}}