{"id":3875,"date":"2019-07-14T22:05:34","date_gmt":"2019-07-14T22:05:34","guid":{"rendered":"https:\/\/www.lifeingalicia.com\/transport-public"},"modified":"2019-07-14T22:05:35","modified_gmt":"2019-07-14T22:05:35","slug":"transport-public","status":"publish","type":"page","link":"https:\/\/www.lifeingalicia.com\/fr\/transport-public","title":{"rendered":"Transport public"},"content":{"rendered":"\t\t<div data-elementor-type=\"wp-post\" data-elementor-id=\"3875\" class=\"elementor elementor-3875\">\n\t\t\t\t\t\t<section class=\"elementor-section elementor-top-section elementor-element elementor-element-c837a23 elementor-section-boxed elementor-section-height-default elementor-section-height-default\" data-id=\"c837a23\" data-element_type=\"section\">\n\t\t\t\t\t\t<div class=\"elementor-container elementor-column-gap-default\">\n\t\t\t\t\t<div class=\"elementor-column elementor-col-100 elementor-top-column elementor-element elementor-element-1ad8a62\" data-id=\"1ad8a62\" data-element_type=\"column\">\n\t\t\t<div class=\"elementor-widget-wrap elementor-element-populated\">\n\t\t\t\t\t\t<div class=\"elementor-element elementor-element-5fd0a71 elementor-position-left elementor-vertical-align-top elementor-widget elementor-widget-image-box\" data-id=\"5fd0a71\" data-element_type=\"widget\" data-widget_type=\"image-box.default\">\n\t\t\t\t<div class=\"elementor-widget-container\">\n\t\t\t\t\t<div class=\"elementor-image-box-wrapper\"><figure class=\"elementor-image-box-img\"><img fetchpriority=\"high\" decoding=\"async\" width=\"1200\" height=\"798\" src=\"https:\/\/www.lifeingalicia.com\/lig\/wp-content\/uploads\/special-delivery.jpg\" class=\"attachment-full size-full wp-image-3853\" alt=\"\" srcset=\"https:\/\/www.lifeingalicia.com\/lig\/wp-content\/uploads\/special-delivery.jpg 1200w, https:\/\/www.lifeingalicia.com\/lig\/wp-content\/uploads\/special-delivery-150x100.jpg 150w, https:\/\/www.lifeingalicia.com\/lig\/wp-content\/uploads\/special-delivery-400x266.jpg 400w, https:\/\/www.lifeingalicia.com\/lig\/wp-content\/uploads\/special-delivery-768x511.jpg 768w, https:\/\/www.lifeingalicia.com\/lig\/wp-content\/uploads\/special-delivery-1024x681.jpg 1024w\" sizes=\"(max-width: 1200px) 100vw, 1200px\" \/><\/figure><div class=\"elementor-image-box-content\"><h3 class=\"elementor-image-box-title\">Sans voiture, la Ribeira Sacra est compliqu\u00e9e.<\/h3><p class=\"elementor-image-box-description\">Dans les r\u00e9gions rurales de Galice, les transports en commun peuvent \u00eatre compliqu\u00e9s Si vous \u00eates bloqu\u00e9, le taxi est souvent une alternative valable et peu co\u00fbteuse \u00e0 la marche. Au moment de la r\u00e9daction de cet article (12\/2018), notre taxi local facture 12 \u20ac pour aller de notre casa \u00e0 la gare, ce qui repr\u00e9sente environ 10 km.<\/p><\/div><\/div>\t\t\t\t<\/div>\n\t\t\t\t<\/div>\n\t\t\t\t\t<\/div>\n\t\t<\/div>\n\t\t\t\t\t<\/div>\n\t\t<\/section>\n\t\t\t\t<section class=\"elementor-section elementor-top-section elementor-element elementor-element-2d2be4d elementor-section-boxed elementor-section-height-default elementor-section-height-default\" data-id=\"2d2be4d\" data-element_type=\"section\">\n\t\t\t\t\t\t<div class=\"elementor-container elementor-column-gap-default\">\n\t\t\t\t\t<div class=\"elementor-column elementor-col-50 elementor-top-column elementor-element elementor-element-cdd563f\" data-id=\"cdd563f\" data-element_type=\"column\">\n\t\t\t<div class=\"elementor-widget-wrap elementor-element-populated\">\n\t\t\t\t\t\t<div class=\"elementor-element elementor-element-f74d875 elementor-widget elementor-widget-text-editor\" data-id=\"f74d875\" data-element_type=\"widget\" data-widget_type=\"text-editor.default\">\n\t\t\t\t<div class=\"elementor-widget-container\">\n\t\t\t\t\t\t\t\t\t<p>From all airports there is always a bus directly to the nearest town, respectively to the railway or central bus station. The exception being Porto where there is a tram directly to the town center.<\/p>\n<p>A good way to start researching is using\u00a0<a href=\"https:\/\/renfe.com\" target=\"_blank\" rel=\"noopener\">Renfe.com<\/a>\u00a0the Spanish railway.<\/p>\n<p>\u00a0<\/p>\n<p>\u00a0<\/p>\n\t\t\t\t\t\t\t\t<\/div>\n\t\t\t\t<\/div>\n\t\t\t\t\t<\/div>\n\t\t<\/div>\n\t\t\t\t<div class=\"elementor-column elementor-col-50 elementor-top-column elementor-element elementor-element-8a18b9b\" data-id=\"8a18b9b\" data-element_type=\"column\">\n\t\t\t<div class=\"elementor-widget-wrap elementor-element-populated\">\n\t\t\t\t\t\t<div class=\"elementor-element elementor-element-3bde26e elementor-widget elementor-widget-image\" data-id=\"3bde26e\" data-element_type=\"widget\" data-widget_type=\"image.default\">\n\t\t\t\t<div class=\"elementor-widget-container\">\n\t\t\t\t\t\t\t\t\t\t\t\t\t\t\t<img decoding=\"async\" width=\"150\" height=\"140\" src=\"https:\/\/www.lifeingalicia.com\/lig\/wp-content\/uploads\/renfe_horario-150x140.jpg\" class=\"attachment-thumbnail size-thumbnail wp-image-3350\" alt=\"\" srcset=\"https:\/\/www.lifeingalicia.com\/lig\/wp-content\/uploads\/renfe_horario-150x140.jpg 150w, https:\/\/www.lifeingalicia.com\/lig\/wp-content\/uploads\/renfe_horario.jpg 230w\" sizes=\"(max-width: 150px) 100vw, 150px\" \/>\t\t\t\t\t\t\t\t\t\t\t\t\t\t\t<\/div>\n\t\t\t\t<\/div>\n\t\t\t\t\t<\/div>\n\t\t<\/div>\n\t\t\t\t\t<\/div>\n\t\t<\/section>\n\t\t\t\t<section class=\"elementor-section elementor-top-section elementor-element elementor-element-747fe9d elementor-section-boxed elementor-section-height-default elementor-section-height-default\" data-id=\"747fe9d\" data-element_type=\"section\">\n\t\t\t\t\t\t<div class=\"elementor-container elementor-column-gap-default\">\n\t\t\t\t\t<div class=\"elementor-column elementor-col-50 elementor-top-column elementor-element elementor-element-f628dd6\" data-id=\"f628dd6\" data-element_type=\"column\">\n\t\t\t<div class=\"elementor-widget-wrap elementor-element-populated\">\n\t\t\t\t\t\t<div class=\"elementor-element elementor-element-a13ed69 elementor-widget elementor-widget-image\" data-id=\"a13ed69\" data-element_type=\"widget\" data-widget_type=\"image.default\">\n\t\t\t\t<div class=\"elementor-widget-container\">\n\t\t\t\t\t\t\t\t\t\t\t\t\t\t\t<img decoding=\"async\" width=\"150\" height=\"124\" src=\"https:\/\/www.lifeingalicia.com\/lig\/wp-content\/uploads\/bus-clipart-logo-150x124.jpg\" class=\"attachment-thumbnail size-thumbnail wp-image-3354\" alt=\"\" srcset=\"https:\/\/www.lifeingalicia.com\/lig\/wp-content\/uploads\/bus-clipart-logo-150x124.jpg 150w, https:\/\/www.lifeingalicia.com\/lig\/wp-content\/uploads\/bus-clipart-logo-363x300.jpg 363w, https:\/\/www.lifeingalicia.com\/lig\/wp-content\/uploads\/bus-clipart-logo.jpg 750w\" sizes=\"(max-width: 150px) 100vw, 150px\" \/>\t\t\t\t\t\t\t\t\t\t\t\t\t\t\t<\/div>\n\t\t\t\t<\/div>\n\t\t\t\t\t<\/div>\n\t\t<\/div>\n\t\t\t\t<div class=\"elementor-column elementor-col-50 elementor-top-column elementor-element elementor-element-6825d73\" data-id=\"6825d73\" data-element_type=\"column\">\n\t\t\t<div class=\"elementor-widget-wrap elementor-element-populated\">\n\t\t\t\t\t\t<div class=\"elementor-element elementor-element-6c996fd elementor-widget elementor-widget-text-editor\" data-id=\"6c996fd\" data-element_type=\"widget\" data-widget_type=\"text-editor.default\">\n\t\t\t\t<div class=\"elementor-widget-container\">\n\t\t\t\t\t\t\t\t\t<p>In our area the bus is a good alternative. There are two main bus companies.<\/p>\n<p><a style=\"font-size: 0.875rem;\" href=\"https:\/\/www.monbus.es\/\" target=\"_blank\" rel=\"noopener\"><b>Monbus.es<\/b><\/a>&nbsp;&#8211; Orense &#8211; Lugo &#8211; Monforte &#8211; Santiago&nbsp;<\/p>\n<p><a href=\"https:\/\/www.alsa.es\" target=\"_blank\">Alsa.es<\/a>&nbsp;&#8211; Vigo &#8211; Portugal etc.<\/p>\n\t\t\t\t\t\t\t\t<\/div>\n\t\t\t\t<\/div>\n\t\t\t\t\t<\/div>\n\t\t<\/div>\n\t\t\t\t\t<\/div>\n\t\t<\/section>\n\t\t\t\t<section class=\"elementor-section elementor-top-section elementor-element elementor-element-48f4263 elementor-section-boxed elementor-section-height-default elementor-section-height-default\" data-id=\"48f4263\" data-element_type=\"section\">\n\t\t\t\t\t\t<div class=\"elementor-container elementor-column-gap-default\">\n\t\t\t\t\t<div class=\"elementor-column elementor-col-50 elementor-top-column elementor-element elementor-element-88f716e\" data-id=\"88f716e\" data-element_type=\"column\">\n\t\t\t<div class=\"elementor-widget-wrap elementor-element-populated\">\n\t\t\t\t\t\t<div class=\"elementor-element elementor-element-e6c560e elementor-widget elementor-widget-text-editor\" data-id=\"e6c560e\" data-element_type=\"widget\" data-widget_type=\"text-editor.default\">\n\t\t\t\t<div class=\"elementor-widget-container\">\n\t\t\t\t\t\t\t\t\t<p>Some of our guests and helpers (workaway) have made good experiences with using\u00a0<a href=\"https:\/\/www.blablacar.es\/\" target=\"_blank\" rel=\"noopener\">Bla Bla Car<\/a>.<\/p>\n\t\t\t\t\t\t\t\t<\/div>\n\t\t\t\t<\/div>\n\t\t\t\t\t<\/div>\n\t\t<\/div>\n\t\t\t\t<div class=\"elementor-column elementor-col-50 elementor-top-column elementor-element elementor-element-df79c1b\" data-id=\"df79c1b\" data-element_type=\"column\">\n\t\t\t<div class=\"elementor-widget-wrap elementor-element-populated\">\n\t\t\t\t\t\t<div class=\"elementor-element elementor-element-f7267a2 elementor-widget elementor-widget-image\" data-id=\"f7267a2\" data-element_type=\"widget\" data-widget_type=\"image.default\">\n\t\t\t\t<div class=\"elementor-widget-container\">\n\t\t\t\t\t\t\t\t\t\t\t\t\t\t\t<img loading=\"lazy\" decoding=\"async\" width=\"150\" height=\"150\" src=\"https:\/\/www.lifeingalicia.com\/lig\/wp-content\/uploads\/car_share-150x150.jpg\" class=\"attachment-thumbnail size-thumbnail wp-image-3358\" alt=\"\" srcset=\"https:\/\/www.lifeingalicia.com\/lig\/wp-content\/uploads\/car_share-150x150.jpg 150w, https:\/\/www.lifeingalicia.com\/lig\/wp-content\/uploads\/car_share.jpg 300w\" sizes=\"(max-width: 150px) 100vw, 150px\" \/>\t\t\t\t\t\t\t\t\t\t\t\t\t\t\t<\/div>\n\t\t\t\t<\/div>\n\t\t\t\t\t<\/div>\n\t\t<\/div>\n\t\t\t\t\t<\/div>\n\t\t<\/section>\n\t\t\t\t<section class=\"elementor-section elementor-top-section elementor-element elementor-element-b974aa9 elementor-section-boxed elementor-section-height-default elementor-section-height-default\" data-id=\"b974aa9\" data-element_type=\"section\">\n\t\t\t\t\t\t<div class=\"elementor-container elementor-column-gap-default\">\n\t\t\t\t\t<div class=\"elementor-column elementor-col-50 elementor-top-column elementor-element elementor-element-2a8c057\" data-id=\"2a8c057\" data-element_type=\"column\">\n\t\t\t<div class=\"elementor-widget-wrap elementor-element-populated\">\n\t\t\t\t\t\t<div class=\"elementor-element elementor-element-3066bc1 elementor-widget elementor-widget-image\" data-id=\"3066bc1\" data-element_type=\"widget\" data-widget_type=\"image.default\">\n\t\t\t\t<div class=\"elementor-widget-container\">\n\t\t\t\t\t\t\t\t\t\t\t\t\t\t\t<img loading=\"lazy\" decoding=\"async\" width=\"150\" height=\"148\" src=\"https:\/\/www.lifeingalicia.com\/lig\/wp-content\/uploads\/helpful-tips-150x148.jpg\" class=\"attachment-thumbnail size-thumbnail wp-image-3362\" alt=\"\" srcset=\"https:\/\/www.lifeingalicia.com\/lig\/wp-content\/uploads\/helpful-tips-150x148.jpg 150w, https:\/\/www.lifeingalicia.com\/lig\/wp-content\/uploads\/helpful-tips-304x300.jpg 304w, https:\/\/www.lifeingalicia.com\/lig\/wp-content\/uploads\/helpful-tips.jpg 349w\" sizes=\"(max-width: 150px) 100vw, 150px\" \/>\t\t\t\t\t\t\t\t\t\t\t\t\t\t\t<\/div>\n\t\t\t\t<\/div>\n\t\t\t\t\t<\/div>\n\t\t<\/div>\n\t\t\t\t<div class=\"elementor-column elementor-col-50 elementor-top-column elementor-element elementor-element-de2215d\" data-id=\"de2215d\" data-element_type=\"column\">\n\t\t\t<div class=\"elementor-widget-wrap elementor-element-populated\">\n\t\t\t\t\t\t<div class=\"elementor-element elementor-element-40640b5 elementor-widget elementor-widget-text-editor\" data-id=\"40640b5\" data-element_type=\"widget\" data-widget_type=\"text-editor.default\">\n\t\t\t\t<div class=\"elementor-widget-container\">\n\t\t\t\t\t\t\t\t\t<p><strong> Planification de voyage: &lt;\/ strong&gt; &lt;\/ p&gt; <\/strong><\/p>\n<p><strong> Monforte ou Sober n\u2019ont pas d\u2019agence de location de voitures, MAIS &lt;\/ strong&gt; &lt;\/ p&gt; <\/strong><\/p>\n<p><strong> Pourquoi ne voyagez pas en train de Madrid ou Barcelone \u00e0 Orense? Vous pouvez facilement louer une voiture \u00e0 la gare. &lt;\/ Strong&gt; &lt;\/ p&gt; <\/strong><\/p>\n<p><strong> Ramenez la voiture \u00e0 la gare et utilisez le train rapide pour l&rsquo;a\u00e9roport de Santiago. &lt;\/ Strong&gt; &lt;\/ p&gt; <\/strong><\/p>\n<p><strong> Orense n\u2019est qu\u2019\u00e0 35 km d\u2019Orense et vous pourrez commencer vos visites imm\u00e9diatement. &lt;\/ strong&gt; &lt;\/ p&gt; <\/strong><\/p>\n<p><strong> Contactez-nous pour plus d&rsquo;informations et d&rsquo;id\u00e9es. &lt;\/ strong&gt; &lt;\/ p&gt;<\/strong><\/p>\n\t\t\t\t\t\t\t\t<\/div>\n\t\t\t\t<\/div>\n\t\t\t\t\t<\/div>\n\t\t<\/div>\n\t\t\t\t\t<\/div>\n\t\t<\/section>\n\t\t\t\t<\/div>\n\t\t","protected":false},"excerpt":{"rendered":"<p>Sans voiture, la Ribeira Sacra est compliqu\u00e9e. Dans les r\u00e9gions rurales de Galice, les transports en commun peuvent \u00eatre compliqu\u00e9s Si vous \u00eates bloqu\u00e9, le taxi est souvent une alternative valable et peu co\u00fbteuse \u00e0 la marche. Au moment de la r\u00e9daction de cet article (12\/2018), notre taxi local facture 12 \u20ac pour aller de&hellip;<\/p>\n<p class=\"more-link-wrapper\"><a class=\"more-link\" href=\"https:\/\/www.lifeingalicia.com\/fr\/transport-public\">Continue<\/a><\/p>\n","protected":false},"author":2255,"featured_media":0,"parent":0,"menu_order":0,"comment_status":"closed","ping_status":"closed","template":"","meta":{"footnotes":""},"class_list":["post-3875","page","type-page","status-publish","hentry"],"aioseo_notices":[],"_links":{"self":[{"href":"https:\/\/www.lifeingalicia.com\/fr\/wp-json\/wp\/v2\/pages\/3875","targetHints":{"allow":["GET"]}}],"collection":[{"href":"https:\/\/www.lifeingalicia.com\/fr\/wp-json\/wp\/v2\/pages"}],"about":[{"href":"https:\/\/www.lifeingalicia.com\/fr\/wp-json\/wp\/v2\/types\/page"}],"author":[{"embeddable":true,"href":"https:\/\/www.lifeingalicia.com\/fr\/wp-json\/wp\/v2\/users\/2255"}],"replies":[{"embeddable":true,"href":"https:\/\/www.lifeingalicia.com\/fr\/wp-json\/wp\/v2\/comments?post=3875"}],"version-history":[{"count":0,"href":"https:\/\/www.lifeingalicia.com\/fr\/wp-json\/wp\/v2\/pages\/3875\/revisions"}],"wp:attachment":[{"href":"https:\/\/www.lifeingalicia.com\/fr\/wp-json\/wp\/v2\/media?parent=3875"}],"curies":[{"name":"wp","href":"https:\/\/api.w.org\/{rel}","templated":true}]}}